{"id":21477,"date":"2023-09-13T17:18:58","date_gmt":"2023-09-13T16:18:58","guid":{"rendered":"https:\/\/www.effency.fr\/contact-us\/"},"modified":"2023-09-13T17:18:58","modified_gmt":"2023-09-13T16:18:58","slug":"contact-us","status":"publish","type":"page","link":"https:\/\/www.effency.fr\/en\/contact-us\/","title":{"rendered":"Contact us!"},"content":{"rendered":"\t\t<div data-elementor-type=\"wp-page\" data-elementor-id=\"21477\" class=\"elementor elementor-21477 elementor-20984\">\n\t\t\t\t\t\t<section class=\"elementor-section elementor-top-section elementor-element elementor-element-8ac9925 elementor-section-full_width elementor-section-height-default elementor-section-height-default\" data-id=\"8ac9925\" data-element_type=\"section\">\n\t\t\t\t\t\t<div class=\"elementor-container elementor-column-gap-default\">\n\t\t\t\t\t<div class=\"elementor-column elementor-col-100 elementor-top-column elementor-element elementor-element-745264c\" data-id=\"745264c\" data-element_type=\"column\">\n\t\t\t<div class=\"elementor-widget-wrap elementor-element-populated\">\n\t\t\t\t\t\t<div class=\"elementor-element elementor-element-a845eea elementor-widget elementor-widget-heading\" data-id=\"a845eea\" data-element_type=\"widget\" data-widget_type=\"heading.default\">\n\t\t\t\t<div class=\"elementor-widget-container\">\n\t\t\t<h2 class=\"elementor-heading-title elementor-size-default\">Need something? Just contact us!<\/h2>\t\t<\/div>\n\t\t\t\t<\/div>\n\t\t\t\t<div class=\"elementor-element elementor-element-0f3834e elementor-widget elementor-widget-text-editor\" data-id=\"0f3834e\" data-element_type=\"widget\" data-widget_type=\"text-editor.default\">\n\t\t\t\t<div class=\"elementor-widget-container\">\n\t\t\t\t\t\t\t<p>Contact us!<\/p>\n\t\t\t\t\t\t<\/div>\n\t\t\t\t<\/div>\n\t\t\t\t<section class=\"elementor-section elementor-inner-section elementor-element elementor-element-de147cf elementor-section-boxed elementor-section-height-default elementor-section-height-default\" data-id=\"de147cf\" data-element_type=\"section\">\n\t\t\t\t\t\t<div class=\"elementor-container elementor-column-gap-default\">\n\t\t\t\t\t<div class=\"elementor-column elementor-col-50 elementor-inner-column elementor-element elementor-element-52d227c\" data-id=\"52d227c\" data-element_type=\"column\">\n\t\t\t<div class=\"elementor-widget-wrap elementor-element-populated\">\n\t\t\t\t\t\t\t<\/div>\n\t\t<\/div>\n\t\t\t\t<div class=\"elementor-column elementor-col-50 elementor-inner-column elementor-element elementor-element-b3762d0\" data-id=\"b3762d0\" data-element_type=\"column\">\n\t\t\t<div class=\"elementor-widget-wrap elementor-element-populated\">\n\t\t\t\t\t\t<div class=\"elementor-element elementor-element-6c9b7d7 elementor-widget elementor-widget-image\" data-id=\"6c9b7d7\" data-element_type=\"widget\" data-widget_type=\"image.default\">\n\t\t\t\t<div class=\"elementor-widget-container\">\n\t\t\t\t\t\t\t\t\t\t\t\t\t\t<a href=\"https:\/\/www.effency.fr\/en\/effency\/\" target=\"_blank\">\n\t\t\t\t\t\t\t<img fetchpriority=\"high\" decoding=\"async\" width=\"743\" height=\"904\" src=\"https:\/\/www.effency.fr\/wp-content\/uploads\/2023\/06\/Group-51.png\" class=\"attachment-large size-large wp-image-21055\" alt=\"Contactez-nous\" srcset=\"https:\/\/www.effency.fr\/wp-content\/uploads\/2023\/06\/Group-51.png 743w, https:\/\/www.effency.fr\/wp-content\/uploads\/2023\/06\/Group-51-247x300.png 247w\" sizes=\"(max-width: 743px) 100vw, 743px\" \/>\t\t\t\t\t\t\t\t<\/a>\n\t\t\t\t\t\t\t\t\t\t\t\t\t<\/div>\n\t\t\t\t<\/div>\n\t\t\t\t\t<\/div>\n\t\t<\/div>\n\t\t\t\t\t<\/div>\n\t\t<\/section>\n\t\t\t\t\t<\/div>\n\t\t<\/div>\n\t\t\t\t\t<\/div>\n\t\t<\/section>\n\t\t\t\t<section class=\"elementor-section elementor-top-section elementor-element elementor-element-fd89973 elementor-section-boxed elementor-section-height-default elementor-section-height-default\" data-id=\"fd89973\" data-element_type=\"section\">\n\t\t\t\t\t\t<div class=\"elementor-container elementor-column-gap-default\">\n\t\t\t\t\t<div class=\"elementor-column elementor-col-100 elementor-top-column elementor-element elementor-element-46019b6\" data-id=\"46019b6\" data-element_type=\"column\">\n\t\t\t<div class=\"elementor-widget-wrap elementor-element-populated\">\n\t\t\t\t\t\t<div class=\"elementor-element elementor-element-cd2a751 elementor-widget elementor-widget-text-editor\" data-id=\"cd2a751\" data-element_type=\"widget\" data-widget_type=\"text-editor.default\">\n\t\t\t\t<div class=\"elementor-widget-container\">\n\t\t\t\t\t\t\t<p>If you&#8217;d like a demonstration, you can make an appointment <a href=\"https:\/\/outlook.office365.com\/owa\/calendar\/EFFENCY@effency.onmicrosoft.com\/bookings\/?\" target=\"_blank\" rel=\"noopener\">here<\/a>. We look forward to hearing from you \ud83d\ude09<\/p>\n\t\t\t\t\t\t<\/div>\n\t\t\t\t<\/div>\n\t\t\t\t\t<\/div>\n\t\t<\/div>\n\t\t\t\t\t<\/div>\n\t\t<\/section>\n\t\t\t\t<\/div>\n\t\t","protected":false},"excerpt":{"rendered":"<p>Need something? Just contact us! Contact us! Votre nom et pr\u00e9nom Votre e-mail Votre num\u00e9ro de t\u00e9l\u00e9phone Objet Votre message (facultatif) If you&#8217;d like a demonstration, you can make an appointment here. We look forward to hearing from you \ud83d\ude09<\/p>\n","protected":false},"author":21,"featured_media":0,"parent":0,"menu_order":0,"comment_status":"closed","ping_status":"closed","template":"","meta":{"_monsterinsights_skip_tracking":false,"_monsterinsights_sitenote_active":false,"_monsterinsights_sitenote_note":"","_monsterinsights_sitenote_category":0,"site-sidebar-layout":"no-sidebar","site-content-layout":"page-builder","ast-site-content-layout":"","site-content-style":"default","site-sidebar-style":"default","ast-global-header-display":"","ast-banner-title-visibility":"","ast-main-header-display":"","ast-hfb-above-header-display":"","ast-hfb-below-header-display":"","ast-hfb-mobile-header-display":"","site-post-title":"disabled","ast-breadcrumbs-content":"","ast-featured-img":"disabled","footer-sml-layout":"","theme-transparent-header-meta":"default","adv-header-id-meta":"","stick-header-meta":"","header-above-stick-meta":"","header-main-stick-meta":"","header-below-stick-meta":"","astra-migrate-meta-layouts":"default","ast-page-background-enabled":"default","ast-page-background-meta":{"desktop":{"background-color":"var(--ast-global-color-4)","background-image":"","background-repeat":"repeat","background-position":"center center","background-size":"auto","background-attachment":"scroll","background-type":"","background-media":"","overlay-type":"","overlay-color":"","overlay-gradient":""},"tablet":{"background-color":"","background-image":"","background-repeat":"repeat","background-position":"center center","background-size":"auto","background-attachment":"scroll","background-type":"","background-media":"","overlay-type":"","overlay-color":"","overlay-gradient":""},"mobile":{"background-color":"","background-image":"","background-repeat":"repeat","background-position":"center center","background-size":"auto","background-attachment":"scroll","background-type":"","background-media":"","overlay-type":"","overlay-color":"","overlay-gradient":""}},"ast-content-background-meta":{"desktop":{"background-color":"var(--ast-global-color-5)","background-image":"","background-repeat":"repeat","background-position":"center center","background-size":"auto","background-attachment":"scroll","background-type":"","background-media":"","overlay-type":"","overlay-color":"","overlay-gradient":""},"tablet":{"background-color":"var(--ast-global-color-5)","background-image":"","background-repeat":"repeat","background-position":"center center","background-size":"auto","background-attachment":"scroll","background-type":"","background-media":"","overlay-type":"","overlay-color":"","overlay-gradient":""},"mobile":{"background-color":"var(--ast-global-color-5)","background-image":"","background-repeat":"repeat","background-position":"center center","background-size":"auto","background-attachment":"scroll","background-type":"","background-media":"","overlay-type":"","overlay-color":"","overlay-gradient":""}},"footnotes":""},"yoast_head":"<!-- This site is optimized with the Yoast SEO plugin v23.5 - https:\/\/yoast.com\/wordpress\/plugins\/seo\/ -->\n<title>Contact us! - Effency<\/title>\n<meta name=\"description\" content=\"Contact us with any questions, needs or suggestions about Effenfy and TeamGether.\" \/>\n<meta name=\"robots\" content=\"index, follow, max-snippet:-1, max-image-preview:large, max-video-preview:-1\" \/>\n<link rel=\"canonical\" href=\"https:\/\/www.effency.fr\/en\/contact-us\/\" \/>\n<meta property=\"og:locale\" content=\"en_US\" \/>\n<meta property=\"og:type\" content=\"article\" \/>\n<meta property=\"og:title\" content=\"Contact us! - Effency\" \/>\n<meta property=\"og:description\" content=\"Contact us with any questions, needs or suggestions about Effenfy and TeamGether.\" \/>\n<meta property=\"og:url\" content=\"https:\/\/www.effency.fr\/en\/contact-us\/\" \/>\n<meta property=\"og:site_name\" content=\"Effency\" \/>\n<meta property=\"article:publisher\" content=\"https:\/\/www.facebook.com\/Effency.team\/\" \/>\n<meta property=\"og:image\" content=\"https:\/\/www.effency.fr\/wp-content\/uploads\/2023\/06\/Group-51.png\" \/>\n<meta name=\"twitter:card\" content=\"summary_large_image\" \/>\n<meta name=\"twitter:site\" content=\"@effency_fc\" \/>\n<script type=\"application\/ld+json\" class=\"yoast-schema-graph\">{\"@context\":\"https:\/\/schema.org\",\"@graph\":[{\"@type\":\"WebPage\",\"@id\":\"https:\/\/www.effency.fr\/en\/contact-us\/\",\"url\":\"https:\/\/www.effency.fr\/en\/contact-us\/\",\"name\":\"Contact us! - Effency\",\"isPartOf\":{\"@id\":\"https:\/\/www.effency.fr\/#website\"},\"primaryImageOfPage\":{\"@id\":\"https:\/\/www.effency.fr\/en\/contact-us\/#primaryimage\"},\"image\":{\"@id\":\"https:\/\/www.effency.fr\/en\/contact-us\/#primaryimage\"},\"thumbnailUrl\":\"https:\/\/www.effency.fr\/wp-content\/uploads\/2023\/06\/Group-51.png\",\"datePublished\":\"2023-09-13T16:18:58+00:00\",\"dateModified\":\"2023-09-13T16:18:58+00:00\",\"description\":\"Contact us with any questions, needs or suggestions about Effenfy and TeamGether.\",\"breadcrumb\":{\"@id\":\"https:\/\/www.effency.fr\/en\/contact-us\/#breadcrumb\"},\"inLanguage\":\"en-US\",\"potentialAction\":[{\"@type\":\"ReadAction\",\"target\":[\"https:\/\/www.effency.fr\/en\/contact-us\/\"]}]},{\"@type\":\"ImageObject\",\"inLanguage\":\"en-US\",\"@id\":\"https:\/\/www.effency.fr\/en\/contact-us\/#primaryimage\",\"url\":\"https:\/\/www.effency.fr\/wp-content\/uploads\/2023\/06\/Group-51.png\",\"contentUrl\":\"https:\/\/www.effency.fr\/wp-content\/uploads\/2023\/06\/Group-51.png\"},{\"@type\":\"BreadcrumbList\",\"@id\":\"https:\/\/www.effency.fr\/en\/contact-us\/#breadcrumb\",\"itemListElement\":[{\"@type\":\"ListItem\",\"position\":1,\"name\":\"Accueil\",\"item\":\"https:\/\/www.effency.fr\/\"},{\"@type\":\"ListItem\",\"position\":2,\"name\":\"Contact us!\"}]},{\"@type\":\"WebSite\",\"@id\":\"https:\/\/www.effency.fr\/#website\",\"url\":\"https:\/\/www.effency.fr\/\",\"name\":\"Effency\",\"description\":\"Le premier coach digital en efficacit\u00e9 collective\",\"potentialAction\":[{\"@type\":\"SearchAction\",\"target\":{\"@type\":\"EntryPoint\",\"urlTemplate\":\"https:\/\/www.effency.fr\/?s={search_term_string}\"},\"query-input\":{\"@type\":\"PropertyValueSpecification\",\"valueRequired\":true,\"valueName\":\"search_term_string\"}}],\"inLanguage\":\"en-US\"}]}<\/script>\n<!-- \/ Yoast SEO plugin. -->","yoast_head_json":{"title":"Contact us! - Effency","description":"Contact us with any questions, needs or suggestions about Effenfy and TeamGether.","robots":{"index":"index","follow":"follow","max-snippet":"max-snippet:-1","max-image-preview":"max-image-preview:large","max-video-preview":"max-video-preview:-1"},"canonical":"https:\/\/www.effency.fr\/en\/contact-us\/","og_locale":"en_US","og_type":"article","og_title":"Contact us! - Effency","og_description":"Contact us with any questions, needs or suggestions about Effenfy and TeamGether.","og_url":"https:\/\/www.effency.fr\/en\/contact-us\/","og_site_name":"Effency","article_publisher":"https:\/\/www.facebook.com\/Effency.team\/","og_image":[{"url":"https:\/\/www.effency.fr\/wp-content\/uploads\/2023\/06\/Group-51.png"}],"twitter_card":"summary_large_image","twitter_site":"@effency_fc","schema":{"@context":"https:\/\/schema.org","@graph":[{"@type":"WebPage","@id":"https:\/\/www.effency.fr\/en\/contact-us\/","url":"https:\/\/www.effency.fr\/en\/contact-us\/","name":"Contact us! - Effency","isPartOf":{"@id":"https:\/\/www.effency.fr\/#website"},"primaryImageOfPage":{"@id":"https:\/\/www.effency.fr\/en\/contact-us\/#primaryimage"},"image":{"@id":"https:\/\/www.effency.fr\/en\/contact-us\/#primaryimage"},"thumbnailUrl":"https:\/\/www.effency.fr\/wp-content\/uploads\/2023\/06\/Group-51.png","datePublished":"2023-09-13T16:18:58+00:00","dateModified":"2023-09-13T16:18:58+00:00","description":"Contact us with any questions, needs or suggestions about Effenfy and TeamGether.","breadcrumb":{"@id":"https:\/\/www.effency.fr\/en\/contact-us\/#breadcrumb"},"inLanguage":"en-US","potentialAction":[{"@type":"ReadAction","target":["https:\/\/www.effency.fr\/en\/contact-us\/"]}]},{"@type":"ImageObject","inLanguage":"en-US","@id":"https:\/\/www.effency.fr\/en\/contact-us\/#primaryimage","url":"https:\/\/www.effency.fr\/wp-content\/uploads\/2023\/06\/Group-51.png","contentUrl":"https:\/\/www.effency.fr\/wp-content\/uploads\/2023\/06\/Group-51.png"},{"@type":"BreadcrumbList","@id":"https:\/\/www.effency.fr\/en\/contact-us\/#breadcrumb","itemListElement":[{"@type":"ListItem","position":1,"name":"Accueil","item":"https:\/\/www.effency.fr\/"},{"@type":"ListItem","position":2,"name":"Contact us!"}]},{"@type":"WebSite","@id":"https:\/\/www.effency.fr\/#website","url":"https:\/\/www.effency.fr\/","name":"Effency","description":"Le premier coach digital en efficacit\u00e9 collective","potentialAction":[{"@type":"SearchAction","target":{"@type":"EntryPoint","urlTemplate":"https:\/\/www.effency.fr\/?s={search_term_string}"},"query-input":{"@type":"PropertyValueSpecification","valueRequired":true,"valueName":"search_term_string"}}],"inLanguage":"en-US"}]}},"_links":{"self":[{"href":"https:\/\/www.effency.fr\/en\/wp-json\/wp\/v2\/pages\/21477"}],"collection":[{"href":"https:\/\/www.effency.fr\/en\/wp-json\/wp\/v2\/pages"}],"about":[{"href":"https:\/\/www.effency.fr\/en\/wp-json\/wp\/v2\/types\/page"}],"author":[{"embeddable":true,"href":"https:\/\/www.effency.fr\/en\/wp-json\/wp\/v2\/users\/21"}],"replies":[{"embeddable":true,"href":"https:\/\/www.effency.fr\/en\/wp-json\/wp\/v2\/comments?post=21477"}],"version-history":[{"count":1,"href":"https:\/\/www.effency.fr\/en\/wp-json\/wp\/v2\/pages\/21477\/revisions"}],"predecessor-version":[{"id":21478,"href":"https:\/\/www.effency.fr\/en\/wp-json\/wp\/v2\/pages\/21477\/revisions\/21478"}],"wp:attachment":[{"href":"https:\/\/www.effency.fr\/en\/wp-json\/wp\/v2\/media?parent=21477"}],"curies":[{"name":"wp","href":"https:\/\/api.w.org\/{rel}","templated":true}]}}