{"id":16889,"date":"2022-08-01T12:59:37","date_gmt":"2022-08-01T11:59:37","guid":{"rendered":"https:\/\/www.effency.fr\/blog\/"},"modified":"2023-06-15T09:18:33","modified_gmt":"2023-06-15T08:18:33","slug":"blog","status":"publish","type":"page","link":"https:\/\/www.effency.fr\/en\/blog\/","title":{"rendered":"BLOG"},"content":{"rendered":"\t\t<div data-elementor-type=\"wp-post\" data-elementor-id=\"16889\" class=\"elementor elementor-16889 elementor-151\">\n\t\t\t\t\t\t<section class=\"elementor-section elementor-top-section elementor-element elementor-element-baf508c elementor-section-content-middle elementor-section-boxed elementor-section-height-default elementor-section-height-default\" data-id=\"baf508c\" data-element_type=\"section\" data-settings=\"{&quot;background_background&quot;:&quot;classic&quot;}\">\n\t\t\t\t\t\t<div class=\"elementor-container elementor-column-gap-default\">\n\t\t\t\t\t<div class=\"elementor-column elementor-col-100 elementor-top-column elementor-element elementor-element-33e6809\" data-id=\"33e6809\" data-element_type=\"column\" data-settings=\"{&quot;background_background&quot;:&quot;classic&quot;}\">\n\t\t\t<div class=\"elementor-widget-wrap elementor-element-populated\">\n\t\t\t\t\t\t<div class=\"elementor-element elementor-element-bba5898 elementor-widget elementor-widget-spacer\" data-id=\"bba5898\" data-element_type=\"widget\" data-widget_type=\"spacer.default\">\n\t\t\t\t<div class=\"elementor-widget-container\">\n\t\t\t\t\t<div class=\"elementor-spacer\">\n\t\t\t<div class=\"elementor-spacer-inner\"><\/div>\n\t\t<\/div>\n\t\t\t\t<\/div>\n\t\t\t\t<\/div>\n\t\t\t\t<div class=\"elementor-element elementor-element-5fe9f55 elementor-widget elementor-widget-heading\" data-id=\"5fe9f55\" data-element_type=\"widget\" data-widget_type=\"heading.default\">\n\t\t\t\t<div class=\"elementor-widget-container\">\n\t\t\t<h2 class=\"elementor-heading-title elementor-size-xl\">Our latest news<\/h2>\t\t<\/div>\n\t\t\t\t<\/div>\n\t\t\t\t<div class=\"elementor-element elementor-element-d735ff1 premium-blog-align-left elementor-widget elementor-widget-premium-addon-blog\" data-id=\"d735ff1\" data-element_type=\"widget\" data-settings=\"{&quot;premium_blog_columns_number&quot;:&quot;33.33%&quot;,&quot;force_height&quot;:&quot;true&quot;,&quot;premium_blog_grid&quot;:&quot;yes&quot;,&quot;premium_blog_layout&quot;:&quot;even&quot;,&quot;premium_blog_columns_number_tablet&quot;:&quot;50%&quot;,&quot;premium_blog_columns_number_mobile&quot;:&quot;100%&quot;}\" data-widget_type=\"premium-addon-blog.default\">\n\t\t\t\t<div class=\"elementor-widget-container\">\n\t\t\t\r\n\t\t\t\t<div class=\"premium-blog-wrap  premium-blog-even\" data-page=\"16889\">\r\n\t\t\t\t\t<div class=\"premium-blog-post-outer-container\" data-total=\"1\">\r\n\t\t\t<div class=\"premium-blog-post-container premium-blog-skin-classic\">\r\n\t\t\t\t\t\t\t\t\t<div class=\"premium-blog-thumb-effect-wrapper\">\r\n\t\t\t\t\t\t<div class=\"premium-blog-thumbnail-container premium-blog-none-effect\">\r\n\t\t\t\t\t\t\t<img fetchpriority=\"high\" decoding=\"async\" width=\"2400\" height=\"1600\" src=\"https:\/\/www.effency.fr\/wp-content\/uploads\/2025\/03\/82A1845.jpg\" class=\"attachment-full size-full wp-image-22825\" alt=\"siege castorma\" srcset=\"https:\/\/www.effency.fr\/wp-content\/uploads\/2025\/03\/82A1845.jpg 2400w, https:\/\/www.effency.fr\/wp-content\/uploads\/2025\/03\/82A1845-300x200.jpg 300w, https:\/\/www.effency.fr\/wp-content\/uploads\/2025\/03\/82A1845-1024x683.jpg 1024w, https:\/\/www.effency.fr\/wp-content\/uploads\/2025\/03\/82A1845-768x512.jpg 768w, https:\/\/www.effency.fr\/wp-content\/uploads\/2025\/03\/82A1845-1536x1024.jpg 1536w, https:\/\/www.effency.fr\/wp-content\/uploads\/2025\/03\/82A1845-2048x1365.jpg 2048w\" sizes=\"(max-width: 2400px) 100vw, 2400px\" \/>\t\t\t\t\t\t<\/div>\r\n\t\t\t\t\t\t\t\t\t\t\t\t\t<div class=\"premium-blog-thumbnail-overlay\">\r\n\t\t\t\t\t\t\t\t<a class=\"elementor-icon\" href=\"https:\/\/www.effency.fr\/en\/2025\/04\/16\/how-castorama-boosts-the-impact-of-its-manager-training-with-teamgether\/\" target=\"_blank\" aria-hidden=\"true\"><span>How Castorama boosts the impact of its manager training with TeamGether?<\/span><\/a>\r\n\t\t\t\t\t\t\t<\/div>\r\n\r\n\t\t\t\t\t\t\t\t\t\t\t\t\t\t\t\t\t\t<\/div>\r\n\t\t\t\t\t\t\t\t\t\t\t\t<div class=\"premium-blog-content-wrapper \">\r\n\r\n\t\t\t\t\t<div class=\"premium-blog-inner-container\">\r\n\r\n\t\t\t\t\t\t\t\t\t\t\t\t\t\t<h2 class=\"premium-blog-entry-title\">\r\n\t\t\t<a href=\"https:\/\/www.effency.fr\/en\/2025\/04\/16\/how-castorama-boosts-the-impact-of-its-manager-training-with-teamgether\/\" target=\"_blank\">\r\n\t\t\t\tHow Castorama boosts the impact of its manager training with TeamGether?\t\t\t<\/a>\r\n\t\t<\/h2>\r\n\t\t\t\t<div class=\"premium-blog-entry-meta\">\r\n\t\t\t\r\n\t\t\t\t\t\t\t<span class=\"premium-blog-meta-separator\">\u2022<\/span>\r\n\t\t\t\t<div class=\"premium-blog-post-time premium-blog-meta-data\">\r\n\t\t\t\t\t<i class=\"fa fa-calendar-alt\" aria-hidden=\"true\"><\/i>\r\n\t\t\t\t\t<span>April 16, 2025<\/span>\r\n\t\t\t\t<\/div>\r\n\t\t\t\r\n\t\t\t\r\n\t\t\t\t\t<\/div>\r\n\t\t\r\n\t\t\t\t\t<\/div>\r\n\r\n\t\t\t\t\t\t\t<div class=\"premium-blog-content-inner-wrapper\">\r\n\t\t<p class=\"premium-blog-post-content\">In a constantly changing business environment, and against a backdrop of increasing competitiveness, manager training is essential to meet objectives and create a working environment \u2026<\/p>\t\t<\/div>\r\n\t\t\t\t\t\t\t\r\n\t\t\t\t<\/div>\r\n\t\t\t<\/div>\r\n\t\t<\/div>\r\n\r\n\t\t\t\t<\/div>\r\n\r\n\t\t\t\t<\/div>\n\t\t\t\t<\/div>\n\t\t\t\t\t<\/div>\n\t\t<\/div>\n\t\t\t\t\t<\/div>\n\t\t<\/section>\n\t\t\t\t<\/div>\n\t\t","protected":false},"excerpt":{"rendered":"<p>Our latest news TeamGether by EFFENCY : enfin disponible sur Azure Marketplace ! \u2022 avril 20, 2023 Depuis le 31 mars dernier, TeamGether by EFFENCY est pr\u00e9sent sur la place de march\u00e9 de Microsoft, \u00e0 savoir Azure Marketplace. D\u00e9couvrez dans cet article tous les d\u00e9tails concernant cette collaboration entre EFFENCY et Microsoft. La super Team [&hellip;]<\/p>\n","protected":false},"author":1,"featured_media":0,"parent":0,"menu_order":0,"comment_status":"closed","ping_status":"closed","template":"elementor_header_footer","meta":{"_monsterinsights_skip_tracking":false,"_monsterinsights_sitenote_active":false,"_monsterinsights_sitenote_note":"","_monsterinsights_sitenote_category":0,"site-sidebar-layout":"no-sidebar","site-content-layout":"page-builder","ast-site-content-layout":"","site-content-style":"default","site-sidebar-style":"default","ast-global-header-display":"","ast-banner-title-visibility":"","ast-main-header-display":"","ast-hfb-above-header-display":"","ast-hfb-below-header-display":"","ast-hfb-mobile-header-display":"","site-post-title":"disabled","ast-breadcrumbs-content":"","ast-featured-img":"disabled","footer-sml-layout":"","theme-transparent-header-meta":"default","adv-header-id-meta":"","stick-header-meta":"","header-above-stick-meta":"","header-main-stick-meta":"","header-below-stick-meta":"","astra-migrate-meta-layouts":"default","ast-page-background-enabled":"default","ast-page-background-meta":{"desktop":{"background-color":"var(--ast-global-color-4)","background-image":"","background-repeat":"repeat","background-position":"center center","background-size":"auto","background-attachment":"scroll","background-type":"","background-media":"","overlay-type":"","overlay-color":"","overlay-gradient":""},"tablet":{"background-color":"","background-image":"","background-repeat":"repeat","background-position":"center center","background-size":"auto","background-attachment":"scroll","background-type":"","background-media":"","overlay-type":"","overlay-color":"","overlay-gradient":""},"mobile":{"background-color":"","background-image":"","background-repeat":"repeat","background-position":"center center","background-size":"auto","background-attachment":"scroll","background-type":"","background-media":"","overlay-type":"","overlay-color":"","overlay-gradient":""}},"ast-content-background-meta":{"desktop":{"background-color":"var(--ast-global-color-5)","background-image":"","background-repeat":"repeat","background-position":"center center","background-size":"auto","background-attachment":"scroll","background-type":"","background-media":"","overlay-type":"","overlay-color":"","overlay-gradient":""},"tablet":{"background-color":"var(--ast-global-color-5)","background-image":"","background-repeat":"repeat","background-position":"center center","background-size":"auto","background-attachment":"scroll","background-type":"","background-media":"","overlay-type":"","overlay-color":"","overlay-gradient":""},"mobile":{"background-color":"var(--ast-global-color-5)","background-image":"","background-repeat":"repeat","background-position":"center center","background-size":"auto","background-attachment":"scroll","background-type":"","background-media":"","overlay-type":"","overlay-color":"","overlay-gradient":""}},"footnotes":""},"yoast_head":"<!-- This site is optimized with the Yoast SEO plugin v23.5 - https:\/\/yoast.com\/wordpress\/plugins\/seo\/ -->\n<title>Blog- EFFENCY<\/title>\n<meta name=\"description\" content=\"Find all the news on EFFENCY on our blog: innovations, articles and news on TeamGether and its JetPack.\" \/>\n<meta name=\"robots\" content=\"index, follow, max-snippet:-1, max-image-preview:large, max-video-preview:-1\" \/>\n<link rel=\"canonical\" href=\"https:\/\/www.effency.fr\/en\/blog\/\" \/>\n<meta property=\"og:locale\" content=\"en_US\" \/>\n<meta property=\"og:type\" content=\"article\" \/>\n<meta property=\"og:title\" content=\"Blog- EFFENCY\" \/>\n<meta property=\"og:description\" content=\"Find all the news on EFFENCY on our blog: innovations, articles and news on TeamGether and its JetPack.\" \/>\n<meta property=\"og:url\" content=\"https:\/\/www.effency.fr\/en\/blog\/\" \/>\n<meta property=\"og:site_name\" content=\"Effency\" \/>\n<meta property=\"article:publisher\" content=\"https:\/\/www.facebook.com\/Effency.team\/\" \/>\n<meta property=\"article:modified_time\" content=\"2023-06-15T08:18:33+00:00\" \/>\n<meta property=\"og:image\" content=\"https:\/\/www.effency.fr\/wp-content\/uploads\/2023\/04\/MicrosoftTeams-image-13.png\" \/>\n<meta name=\"twitter:card\" content=\"summary_large_image\" \/>\n<meta name=\"twitter:site\" content=\"@effency_fc\" \/>\n<meta name=\"twitter:label1\" content=\"Est. reading time\" \/>\n\t<meta name=\"twitter:data1\" content=\"2 minutes\" \/>\n<script type=\"application\/ld+json\" class=\"yoast-schema-graph\">{\"@context\":\"https:\/\/schema.org\",\"@graph\":[{\"@type\":\"WebPage\",\"@id\":\"https:\/\/www.effency.fr\/en\/blog\/\",\"url\":\"https:\/\/www.effency.fr\/en\/blog\/\",\"name\":\"Blog- EFFENCY\",\"isPartOf\":{\"@id\":\"https:\/\/www.effency.fr\/#website\"},\"primaryImageOfPage\":{\"@id\":\"https:\/\/www.effency.fr\/en\/blog\/#primaryimage\"},\"image\":{\"@id\":\"https:\/\/www.effency.fr\/en\/blog\/#primaryimage\"},\"thumbnailUrl\":\"https:\/\/www.effency.fr\/wp-content\/uploads\/2023\/04\/MicrosoftTeams-image-13.png\",\"datePublished\":\"2022-08-01T11:59:37+00:00\",\"dateModified\":\"2023-06-15T08:18:33+00:00\",\"description\":\"Find all the news on EFFENCY on our blog: innovations, articles and news on TeamGether and its JetPack.\",\"breadcrumb\":{\"@id\":\"https:\/\/www.effency.fr\/en\/blog\/#breadcrumb\"},\"inLanguage\":\"en-US\",\"potentialAction\":[{\"@type\":\"ReadAction\",\"target\":[\"https:\/\/www.effency.fr\/en\/blog\/\"]}]},{\"@type\":\"ImageObject\",\"inLanguage\":\"en-US\",\"@id\":\"https:\/\/www.effency.fr\/en\/blog\/#primaryimage\",\"url\":\"https:\/\/www.effency.fr\/wp-content\/uploads\/2023\/04\/MicrosoftTeams-image-13.png\",\"contentUrl\":\"https:\/\/www.effency.fr\/wp-content\/uploads\/2023\/04\/MicrosoftTeams-image-13.png\"},{\"@type\":\"BreadcrumbList\",\"@id\":\"https:\/\/www.effency.fr\/en\/blog\/#breadcrumb\",\"itemListElement\":[{\"@type\":\"ListItem\",\"position\":1,\"name\":\"Accueil\",\"item\":\"https:\/\/www.effency.fr\/\"},{\"@type\":\"ListItem\",\"position\":2,\"name\":\"BLOG\"}]},{\"@type\":\"WebSite\",\"@id\":\"https:\/\/www.effency.fr\/#website\",\"url\":\"https:\/\/www.effency.fr\/\",\"name\":\"Effency\",\"description\":\"Le premier coach digital en efficacit\u00e9 collective\",\"potentialAction\":[{\"@type\":\"SearchAction\",\"target\":{\"@type\":\"EntryPoint\",\"urlTemplate\":\"https:\/\/www.effency.fr\/?s={search_term_string}\"},\"query-input\":{\"@type\":\"PropertyValueSpecification\",\"valueRequired\":true,\"valueName\":\"search_term_string\"}}],\"inLanguage\":\"en-US\"}]}<\/script>\n<!-- \/ Yoast SEO plugin. -->","yoast_head_json":{"title":"Blog- EFFENCY","description":"Find all the news on EFFENCY on our blog: innovations, articles and news on TeamGether and its JetPack.","robots":{"index":"index","follow":"follow","max-snippet":"max-snippet:-1","max-image-preview":"max-image-preview:large","max-video-preview":"max-video-preview:-1"},"canonical":"https:\/\/www.effency.fr\/en\/blog\/","og_locale":"en_US","og_type":"article","og_title":"Blog- EFFENCY","og_description":"Find all the news on EFFENCY on our blog: innovations, articles and news on TeamGether and its JetPack.","og_url":"https:\/\/www.effency.fr\/en\/blog\/","og_site_name":"Effency","article_publisher":"https:\/\/www.facebook.com\/Effency.team\/","article_modified_time":"2023-06-15T08:18:33+00:00","og_image":[{"url":"https:\/\/www.effency.fr\/wp-content\/uploads\/2023\/04\/MicrosoftTeams-image-13.png"}],"twitter_card":"summary_large_image","twitter_site":"@effency_fc","twitter_misc":{"Est. reading time":"2 minutes"},"schema":{"@context":"https:\/\/schema.org","@graph":[{"@type":"WebPage","@id":"https:\/\/www.effency.fr\/en\/blog\/","url":"https:\/\/www.effency.fr\/en\/blog\/","name":"Blog- EFFENCY","isPartOf":{"@id":"https:\/\/www.effency.fr\/#website"},"primaryImageOfPage":{"@id":"https:\/\/www.effency.fr\/en\/blog\/#primaryimage"},"image":{"@id":"https:\/\/www.effency.fr\/en\/blog\/#primaryimage"},"thumbnailUrl":"https:\/\/www.effency.fr\/wp-content\/uploads\/2023\/04\/MicrosoftTeams-image-13.png","datePublished":"2022-08-01T11:59:37+00:00","dateModified":"2023-06-15T08:18:33+00:00","description":"Find all the news on EFFENCY on our blog: innovations, articles and news on TeamGether and its JetPack.","breadcrumb":{"@id":"https:\/\/www.effency.fr\/en\/blog\/#breadcrumb"},"inLanguage":"en-US","potentialAction":[{"@type":"ReadAction","target":["https:\/\/www.effency.fr\/en\/blog\/"]}]},{"@type":"ImageObject","inLanguage":"en-US","@id":"https:\/\/www.effency.fr\/en\/blog\/#primaryimage","url":"https:\/\/www.effency.fr\/wp-content\/uploads\/2023\/04\/MicrosoftTeams-image-13.png","contentUrl":"https:\/\/www.effency.fr\/wp-content\/uploads\/2023\/04\/MicrosoftTeams-image-13.png"},{"@type":"BreadcrumbList","@id":"https:\/\/www.effency.fr\/en\/blog\/#breadcrumb","itemListElement":[{"@type":"ListItem","position":1,"name":"Accueil","item":"https:\/\/www.effency.fr\/"},{"@type":"ListItem","position":2,"name":"BLOG"}]},{"@type":"WebSite","@id":"https:\/\/www.effency.fr\/#website","url":"https:\/\/www.effency.fr\/","name":"Effency","description":"Le premier coach digital en efficacit\u00e9 collective","potentialAction":[{"@type":"SearchAction","target":{"@type":"EntryPoint","urlTemplate":"https:\/\/www.effency.fr\/?s={search_term_string}"},"query-input":{"@type":"PropertyValueSpecification","valueRequired":true,"valueName":"search_term_string"}}],"inLanguage":"en-US"}]}},"_links":{"self":[{"href":"https:\/\/www.effency.fr\/en\/wp-json\/wp\/v2\/pages\/16889"}],"collection":[{"href":"https:\/\/www.effency.fr\/en\/wp-json\/wp\/v2\/pages"}],"about":[{"href":"https:\/\/www.effency.fr\/en\/wp-json\/wp\/v2\/types\/page"}],"author":[{"embeddable":true,"href":"https:\/\/www.effency.fr\/en\/wp-json\/wp\/v2\/users\/1"}],"replies":[{"embeddable":true,"href":"https:\/\/www.effency.fr\/en\/wp-json\/wp\/v2\/comments?post=16889"}],"version-history":[{"count":4,"href":"https:\/\/www.effency.fr\/en\/wp-json\/wp\/v2\/pages\/16889\/revisions"}],"predecessor-version":[{"id":20456,"href":"https:\/\/www.effency.fr\/en\/wp-json\/wp\/v2\/pages\/16889\/revisions\/20456"}],"wp:attachment":[{"href":"https:\/\/www.effency.fr\/en\/wp-json\/wp\/v2\/media?parent=16889"}],"curies":[{"name":"wp","href":"https:\/\/api.w.org\/{rel}","templated":true}]}}